{"id":67,"date":"2023-05-15T18:19:41","date_gmt":"2023-05-15T18:19:41","guid":{"rendered":"http:\/\/stillingestrand.dk\/?page_id=67"},"modified":"2026-03-03T20:30:19","modified_gmt":"2026-03-03T20:30:19","slug":"rammer-og-bestilling","status":"publish","type":"page","link":"https:\/\/stillingestrand.dk\/?page_id=67","title":{"rendered":"Rammer og bestilling &#8211; Ordering"},"content":{"rendered":"\n<figure class=\"wp-block-image size-large\"><img loading=\"lazy\" decoding=\"async\" width=\"1024\" height=\"683\" src=\"https:\/\/stillingestrand.dk\/wp-content\/uploads\/2025\/03\/wallapp-31032025-072031-1024x683.jpg\" alt=\"\" class=\"wp-image-190\" srcset=\"https:\/\/stillingestrand.dk\/wp-content\/uploads\/2025\/03\/wallapp-31032025-072031-1024x683.jpg 1024w, https:\/\/stillingestrand.dk\/wp-content\/uploads\/2025\/03\/wallapp-31032025-072031-300x200.jpg 300w, https:\/\/stillingestrand.dk\/wp-content\/uploads\/2025\/03\/wallapp-31032025-072031-768x512.jpg 768w, https:\/\/stillingestrand.dk\/wp-content\/uploads\/2025\/03\/wallapp-31032025-072031.jpg 1199w\" sizes=\"(max-width: 1024px) 100vw, 1024px\" \/><\/figure>\n\n\n\n<p>Skrive til mig, s\u00e5 kan vi sammen lave en bestilling, som jeg sender til dig. Du kan selv v\u00e6lge st\u00f8rrelse og printkvalitet. Samt evt. ramme, passpartout og st\u00f8rrelse.<\/p>\n\n\n\n<p>Prisen finder vi ud af &#8211; det er ikke dyrt.<br><\/p>\n\n\n\n<p>Venlig hilsen<\/p>\n\n\n\n<p>Michael Aage <\/p>\n\n\n\n<p><strong>Kontakt Michael Aage p\u00e5 maagejensen@gmail.com<\/strong><\/p>\n","protected":false},"excerpt":{"rendered":"<p>Skrive til mig, s\u00e5 kan vi sammen lave en bestilling, som jeg sender til dig. Du kan selv v\u00e6lge st\u00f8rrelse og printkvalitet. Samt evt. ramme, passpartout og st\u00f8rrelse. Prisen finder vi ud af &#8211; det er ikke dyrt. Venlig hilsen Michael Aage Kontakt Michael Aage p\u00e5 maagejensen@gmail.com<\/p>\n","protected":false},"author":1,"featured_media":165,"parent":0,"menu_order":0,"comment_status":"closed","ping_status":"closed","template":"","meta":{"saved_in_kubio":false,"footnotes":""},"class_list":["post-67","page","type-page","status-publish","has-post-thumbnail","hentry"],"kubio_ai_page_context":{"short_desc":"","purpose":"general"},"jetpack_sharing_enabled":true,"_links":{"self":[{"href":"https:\/\/stillingestrand.dk\/index.php?rest_route=\/wp\/v2\/pages\/67","targetHints":{"allow":["GET"]}}],"collection":[{"href":"https:\/\/stillingestrand.dk\/index.php?rest_route=\/wp\/v2\/pages"}],"about":[{"href":"https:\/\/stillingestrand.dk\/index.php?rest_route=\/wp\/v2\/types\/page"}],"author":[{"embeddable":true,"href":"https:\/\/stillingestrand.dk\/index.php?rest_route=\/wp\/v2\/users\/1"}],"replies":[{"embeddable":true,"href":"https:\/\/stillingestrand.dk\/index.php?rest_route=%2Fwp%2Fv2%2Fcomments&post=67"}],"version-history":[{"count":6,"href":"https:\/\/stillingestrand.dk\/index.php?rest_route=\/wp\/v2\/pages\/67\/revisions"}],"predecessor-version":[{"id":327,"href":"https:\/\/stillingestrand.dk\/index.php?rest_route=\/wp\/v2\/pages\/67\/revisions\/327"}],"wp:featuredmedia":[{"embeddable":true,"href":"https:\/\/stillingestrand.dk\/index.php?rest_route=\/wp\/v2\/media\/165"}],"wp:attachment":[{"href":"https:\/\/stillingestrand.dk\/index.php?rest_route=%2Fwp%2Fv2%2Fmedia&parent=67"}],"curies":[{"name":"wp","href":"https:\/\/api.w.org\/{rel}","templated":true}]}}