{"id":144,"date":"2025-03-30T13:20:36","date_gmt":"2025-03-30T13:20:36","guid":{"rendered":"https:\/\/stillingestrand.dk\/?page_id=144"},"modified":"2025-11-26T16:02:31","modified_gmt":"2025-11-26T16:02:31","slug":"praktisk-information","status":"publish","type":"page","link":"https:\/\/stillingestrand.dk\/?page_id=144","title":{"rendered":"Praktisk information"},"content":{"rendered":"\n<p>Michael Aage Jensen er uddannet journalist og kunstfotograf. Han er vokset op i Slagelse p\u00e5 Kierulffsvej. Som barn og ung bes\u00f8gte han j\u00e6vnligt Stillinge og Bilds\u00f8 Strande med sin familie og venner. Nu har han et sommerhus i omr\u00e5det.<\/p>\n\n\n\n<p>Mange af de tr\u00e6er, der ind g\u00e5r i hans fotokunst, kender han fra sin barndom, hvor han klatrede og legede p\u00e5 og omkring dem. Som man nok kan fornemme indg\u00e5r tid og sted som et vigtigt element i hans kunst &#8211; sammen med en \u00e6stetisk og malerisk tilgang til de kreative fotografiske processer.<\/p>\n\n\n\n<p><strong>Kontakt Michael Aage p\u00e5 maagejensen@gmail.com<\/strong><\/p>\n","protected":false},"excerpt":{"rendered":"<p>Michael Aage Jensen er uddannet journalist og kunstfotograf. Han er vokset op i Slagelse p\u00e5 Kierulffsvej. Som barn og ung bes\u00f8gte han j\u00e6vnligt Stillinge og Bilds\u00f8 Strande med sin familie og venner. Nu har han et sommerhus i omr\u00e5det. Mange af de tr\u00e6er, der ind g\u00e5r i hans fotokunst, kender han fra sin barndom, hvor [&hellip;]<\/p>\n","protected":false},"author":1,"featured_media":0,"parent":0,"menu_order":0,"comment_status":"closed","ping_status":"closed","template":"","meta":{"saved_in_kubio":true,"footnotes":""},"class_list":["post-144","page","type-page","status-publish","hentry"],"kubio_ai_page_context":{"short_desc":"","purpose":"general"},"jetpack_sharing_enabled":true,"_links":{"self":[{"href":"https:\/\/stillingestrand.dk\/index.php?rest_route=\/wp\/v2\/pages\/144","targetHints":{"allow":["GET"]}}],"collection":[{"href":"https:\/\/stillingestrand.dk\/index.php?rest_route=\/wp\/v2\/pages"}],"about":[{"href":"https:\/\/stillingestrand.dk\/index.php?rest_route=\/wp\/v2\/types\/page"}],"author":[{"embeddable":true,"href":"https:\/\/stillingestrand.dk\/index.php?rest_route=\/wp\/v2\/users\/1"}],"replies":[{"embeddable":true,"href":"https:\/\/stillingestrand.dk\/index.php?rest_route=%2Fwp%2Fv2%2Fcomments&post=144"}],"version-history":[{"count":4,"href":"https:\/\/stillingestrand.dk\/index.php?rest_route=\/wp\/v2\/pages\/144\/revisions"}],"predecessor-version":[{"id":248,"href":"https:\/\/stillingestrand.dk\/index.php?rest_route=\/wp\/v2\/pages\/144\/revisions\/248"}],"wp:attachment":[{"href":"https:\/\/stillingestrand.dk\/index.php?rest_route=%2Fwp%2Fv2%2Fmedia&parent=144"}],"curies":[{"name":"wp","href":"https:\/\/api.w.org\/{rel}","templated":true}]}}